{"id":3151,"date":"2017-06-28T10:48:00","date_gmt":"2017-06-28T10:48:00","guid":{"rendered":"http:\/\/neuesdesign.dfg-frankfurt.de\/?page_id=3151\/"},"modified":"2025-04-20T14:21:04","modified_gmt":"2025-04-20T12:21:04","slug":"adhesion","status":"publish","type":"page","link":"https:\/\/www.dfg-frankfurt.de\/fr\/adhesion\/","title":{"rendered":"Adh\u00e9sion"},"content":{"rendered":"<section class=\"wpb-content-wrapper\">[vc_row][vc_column][vc_raw_html]JTNDaDIlMjBjbGFzcyUzRCUyMmNlbnRlcmVkJTIyJTNFJTNDc3BhbiUzRUFkaCVDMyVBOXJleiUyMSUzQyUyRnNwYW4lM0UlM0MlMkZoMiUzRQ==[\/vc_raw_html][\/vc_column][\/vc_row][vc_row equal_height=\u00a0\u00bbyes\u00a0\u00bb][vc_column width=\u00a0\u00bb1\/2&Prime;][vc_custom_heading text=\u00a0\u00bbL&rsquo;adh\u00e9sion\u00a0\u00bb font_container=\u00a0\u00bbtag:h3|text_align:left|color:%231facd5&Prime; use_theme_fonts=\u00a0\u00bbyes\u00a0\u00bb][vc_column_text]La Soci\u00e9t\u00e9 Franco-Allemande de Francfort est le point de rencontre et de dialogue des francophones et francophiles de la r\u00e9gion de Francfort.\u00a0Nos membres se r\u00e9partissent en deux tiers d\u00b4allemands et un tiers de fran\u00e7ais, issus des secteurs \u00e9conomiques qui caract\u00e9risent notre r\u00e9gion, notamment la finance et les activit\u00e9s de conseil.\u00a0Avec nos 600 membres et plus, nous accueillons volontiers de nouveaux membres pour assurer le renouveau et le dynamisme de nos manifestations.<\/p>\n<p>Prenez part \u00e0 nos conf\u00e9rences et \u00e0 nos d\u00e9bats en venant vous inscrire ![\/vc_column_text][vc_custom_heading text=\u00a0\u00bbCotisations\u00a0\u00bb font_container=\u00a0\u00bbtag:h5|text_align:left\u00a0\u00bb use_theme_fonts=\u00a0\u00bbyes\u00a0\u00bb][vc_column_text]Cotisation annuelle : 85 Euro<br \/>\nCouple : 110 Euro<br \/>\n\u00c9tudiant : 10 Euro<\/p>\n<p>La SFA \u00e9tant une association reconnue d&rsquo;utilit\u00e9 publique, vos cotisations et vos dons sont d\u00e9ductibles des imp\u00f4ts.<\/p>\n<p>Si vous souhaitez devenir membre, veuillez imprimer et compl\u00e9ter le formulaire d&rsquo;adh\u00e9sion ci-dessous et nous le retourner par mail (info(at)dfg-frankfurt.de) ou courrier \u00e0 l&rsquo;adresse indiqu\u00e9e.[\/vc_column_text][\/vc_column][vc_column width=\u00a0\u00bb1\/2&Prime;][vc_custom_heading text=\u00a0\u00bbUn cadeau utile\u00a0\u00bb font_container=\u00a0\u00bbtag:h3|text_align:left|color:%231facd5&Prime; use_theme_fonts=\u00a0\u00bbyes\u00a0\u00bb][vc_column_text]Vous recherchez un cadeau original et utile \u00e0 offrir \u00e0 un Fran\u00e7ais germanophile ou \u00e0 un Allemand francophile ? Pour No\u00ebl ou pour son anniversaire ? Offrez-lui une adh\u00e9sion d&rsquo;un an \u00e0 la Soci\u00e9t\u00e9 franco-allemande de Francfort![\/vc_column_text][vc_custom_heading text=\u00a0\u00bbAdh\u00e9sion cadeau \u2013 Les avantages pour le b\u00e9n\u00e9ficiaire\u00a0\u00bb font_container=\u00a0\u00bbtag:h5|text_align:left\u00a0\u00bb use_theme_fonts=\u00a0\u00bbyes\u00a0\u00bb][vc_column_text]\n<ul>\n<li>Prix r\u00e9duit pour nos membres aux manifestations payantes de la SFA (avant-premi\u00e8res de films fran\u00e7ais en VO, soir\u00e9es mus\u00e9e, \u2026)<\/li>\n<li>Inscription prioritaire \u00e0 certaines manifestations contingent\u00e9es (comme les conf\u00e9rences et visites d&rsquo;expositions d&rsquo;art dans les mus\u00e9es de Francfort)<\/li>\n<li>Offre d&rsquo;abonnement \u00ab pr\u00e9f\u00e9rentiel \u00bb au magazine trimestriel ParisBerlin, le seul newsmagazine qui informe tous les trois mois sur l&rsquo;actualit\u00e9 franco-allemande dans tous les domaines : politique, \u00e9conomie, modes de vie, culture, \u00e9ducation, m\u00e9dias.<\/li>\n<\/ul>\n[\/vc_column_text][vc_custom_heading text=\u00a0\u00bbAdh\u00e9sion cadeau \u2013 C&rsquo;est simple\u00a0\u00bb font_container=\u00a0\u00bbtag:h5|text_align:left\u00a0\u00bb use_theme_fonts=\u00a0\u00bbyes\u00a0\u00bb][vc_column_text]Cliquez sur \u00ab Bulletin d&rsquo;adh\u00e9sion cadeau \u2013 pdf \u00bb, imprimez et remplissez le formulaire et renvoyez-le-nous par mail, fax ou courrier.<\/p>\n<p>Le b\u00e9n\u00e9ficiaire sera membre pour un an et l&rsquo;adh\u00e9sion se terminera automatiquement, sans prolongement. Merci beaucoup.[\/vc_column_text][\/vc_column][\/vc_row][vc_row full_width=\u00a0\u00bbstretch_row\u00a0\u00bb css=\u00a0\u00bb.vc_custom_1607605049701{background-color: #1facd5 !important;}\u00a0\u00bb][vc_column][vc_raw_html]JTNDaDIlMjBzdHlsZSUzRCUyMmNvbG9yJTNBJTIwJTIzZmZmJTIwJTIxaW1wb3J0YW50JTNCJTIwdGV4dC1hbGlnbiUzQSUyMGNlbnRlciUzQiUyMGZvbnQtd2VpZ2h0JTNBJTIwNDAwJTNCJTIyJTNFWm9uZSUyMGRlJTIwdCVDMyVBOWwlQzMlQTljaGFyZ2VtZW50JTNDJTJGaDIlM0U=[\/vc_raw_html][vc_row_inner][vc_column_inner width=\u00a0\u00bb1\/4&Prime;][vc_icon icon_fontawesome=\u00a0\u00bbfas fa-file-pdf\u00a0\u00bb color=\u00a0\u00bbwhite\u00a0\u00bb align=\u00a0\u00bbcenter\u00a0\u00bb link=\u00a0\u00bburl:https%3A%2F%2Fwww.dfg-frankfurt.de%2Fwp-content%2Fuploads%2FBeitrittserklaerung2025.pdf|title:Bulletin%20d&rsquo;adh%C3%A9sion|target:_blank\u00a0\u00bb][vc_btn title=\u00a0\u00bbBulletin d&rsquo;adh\u00e9sion PDF\u00a0\u00bb style=\u00a0\u00bboutline-custom\u00a0\u00bb outline_custom_color=\u00a0\u00bb#ffffff\u00a0\u00bb outline_custom_hover_background=\u00a0\u00bb#ffffff\u00a0\u00bb outline_custom_hover_text=\u00a0\u00bb#1facd5&Prime; align=\u00a0\u00bbcenter\u00a0\u00bb css=\u00a0\u00bb.vc_custom_1745151104526{margin-top: -40px !important;}\u00a0\u00bb link=\u00a0\u00bburl:https%3A%2F%2Fwww.dfg-frankfurt.de%2Fwp-content%2Fuploads%2FBeitrittserklaerung2025-1.pdf|title:Bulletin%20d&rsquo;adh%C3%A9sion|target:_blank\u00a0\u00bb][\/vc_column_inner][vc_column_inner width=\u00a0\u00bb1\/4&Prime;][vc_icon icon_fontawesome=\u00a0\u00bbfas fa-file-pdf\u00a0\u00bb color=\u00a0\u00bbwhite\u00a0\u00bb align=\u00a0\u00bbcenter\u00a0\u00bb link=\u00a0\u00bburl:https%3A%2F%2Fwww.dfg-frankfurt.de%2Fwp-content%2Fuploads%2FBeitrittserklaerung_geschenk2025.pdf|title:Bulletin%20d&rsquo;adh%C3%A9sion%20cadeau|target:_blank\u00a0\u00bb][vc_btn title=\u00a0\u00bbBulletin d&rsquo;adh\u00e9sion cadeau PDF\u00a0\u00bb style=\u00a0\u00bboutline-custom\u00a0\u00bb outline_custom_color=\u00a0\u00bb#ffffff\u00a0\u00bb outline_custom_hover_background=\u00a0\u00bb#ffffff\u00a0\u00bb outline_custom_hover_text=\u00a0\u00bb#1facd5&Prime; align=\u00a0\u00bbcenter\u00a0\u00bb css=\u00a0\u00bb.vc_custom_1745151661492{margin-top: -40px !important;}\u00a0\u00bb link=\u00a0\u00bburl:https%3A%2F%2Fwww.dfg-frankfurt.de%2Fwp-content%2Fuploads%2FBeitrittserklaerung_geschenk2025-1.pdf|title:Bulletin%20d&rsquo;adh%C3%A9sion%20cadeau|target:_blank\u00a0\u00bb][\/vc_column_inner][vc_column_inner width=\u00a0\u00bb1\/4&Prime;][vc_icon icon_fontawesome=\u00a0\u00bbfas fa-file-pdf\u00a0\u00bb color=\u00a0\u00bbwhite\u00a0\u00bb align=\u00a0\u00bbcenter\u00a0\u00bb link=\u00a0\u00bburl:https%3A%2F%2Fwww.dfg-frankfurt.de%2Fwp-content%2Fuploads%2FDFG-Frankfurt-e.V.-Satzung-2015.pdf|title:Le%20statut%20de%20la%20SFA|target:_blank\u00a0\u00bb][vc_btn title=\u00a0\u00bbLes statuts de la SFA PDF\u00a0\u00bb style=\u00a0\u00bboutline-custom\u00a0\u00bb outline_custom_color=\u00a0\u00bb#ffffff\u00a0\u00bb outline_custom_hover_background=\u00a0\u00bb#ffffff\u00a0\u00bb outline_custom_hover_text=\u00a0\u00bb#1facd5&Prime; align=\u00a0\u00bbcenter\u00a0\u00bb css=\u00a0\u00bb.vc_custom_1662061732686{margin-top: -40px !important;}\u00a0\u00bb link=\u00a0\u00bburl:https%3A%2F%2Fwww.dfg-frankfurt.de%2Fwp-content%2Fuploads%2FDFG-Frankfurt-e.V.-Satzung-2015.pdf|title:Le%20statut%20de%20la%20SFA|target:_blank\u00a0\u00bb][\/vc_column_inner][vc_column_inner width=\u00a0\u00bb1\/4&Prime;][vc_icon icon_fontawesome=\u00a0\u00bbfas fa-file-pdf\u00a0\u00bb color=\u00a0\u00bbwhite\u00a0\u00bb align=\u00a0\u00bbcenter\u00a0\u00bb link=\u00a0\u00bburl:https%3A%2F%2Fwww.dfg-frankfurt.de%2Fwp-content%2Fuploads%2FDatenschutzerklaerung-DFG-Frankfurt2022.pdf|title:Charte%20de%20confidentialit%C3%A9|target:_blank\u00a0\u00bb][vc_btn title=\u00a0\u00bbCharte de confidentialit\u00e9 PDF\u00a0\u00bb style=\u00a0\u00bboutline-custom\u00a0\u00bb outline_custom_color=\u00a0\u00bb#ffffff\u00a0\u00bb outline_custom_hover_background=\u00a0\u00bb#ffffff\u00a0\u00bb outline_custom_hover_text=\u00a0\u00bb#1facd5&Prime; align=\u00a0\u00bbcenter\u00a0\u00bb css=\u00a0\u00bb.vc_custom_1656255893117{margin-top: -40px !important;}\u00a0\u00bb link=\u00a0\u00bburl:https%3A%2F%2Fwww.dfg-frankfurt.de%2Fwp-content%2Fuploads%2FDatenschutzerklaerung-DFG-Frankfurt2022.pdf|title:Charte%20de%20confidentialit%C3%A9|target:_blank\u00a0\u00bb][\/vc_column_inner][\/vc_row_inner][vc_empty_space height=\u00a0\u00bb22px\u00a0\u00bb][\/vc_column][\/vc_row]\n<\/section>","protected":false},"excerpt":{"rendered":"<p>[vc_row][vc_column][vc_raw_html]JTNDaDIlMjBjbGFzcyUzRCUyMmNlbnRlcmVkJTIyJTNFJTNDc3BhbiUzRUFkaCVDMyVBOXJleiUyMSUzQyUyRnNwYW4lM0UlM0MlMkZoMiUzRQ==[\/vc_raw_html][\/vc_column][\/vc_row][vc_row equal_height=\u00a0\u00bbyes\u00a0\u00bb][vc_column width=\u00a0\u00bb1\/2&Prime;][vc_custom_heading text=\u00a0\u00bbL&rsquo;adh\u00e9sion\u00a0\u00bb font_container=\u00a0\u00bbtag:h3|text_align:left|color:%231facd5&Prime; use_theme_fonts=\u00a0\u00bbyes\u00a0\u00bb][vc_column_text]La Soci\u00e9t\u00e9 Franco-Allemande de Francfort est le point de rencontre et de dialogue des francophones et francophiles de la r\u00e9gion de Francfort.\u00a0Nos membres se r\u00e9partissent en deux tiers d\u00b4allemands et un tiers de fran\u00e7ais, issus des secteurs \u00e9conomiques qui caract\u00e9risent notre r\u00e9gion, notamment la finance et les activit\u00e9s de conseil.\u00a0Avec [&hellip;]<\/p>\n","protected":false},"author":1,"featured_media":0,"parent":0,"menu_order":3,"comment_status":"closed","ping_status":"closed","template":"","meta":{"footnotes":""},"_links":{"self":[{"href":"https:\/\/www.dfg-frankfurt.de\/fr\/wp-json\/wp\/v2\/pages\/3151"}],"collection":[{"href":"https:\/\/www.dfg-frankfurt.de\/fr\/wp-json\/wp\/v2\/pages"}],"about":[{"href":"https:\/\/www.dfg-frankfurt.de\/fr\/wp-json\/wp\/v2\/types\/page"}],"author":[{"embeddable":true,"href":"https:\/\/www.dfg-frankfurt.de\/fr\/wp-json\/wp\/v2\/users\/1"}],"replies":[{"embeddable":true,"href":"https:\/\/www.dfg-frankfurt.de\/fr\/wp-json\/wp\/v2\/comments?post=3151"}],"version-history":[{"count":51,"href":"https:\/\/www.dfg-frankfurt.de\/fr\/wp-json\/wp\/v2\/pages\/3151\/revisions"}],"predecessor-version":[{"id":22364,"href":"https:\/\/www.dfg-frankfurt.de\/fr\/wp-json\/wp\/v2\/pages\/3151\/revisions\/22364"}],"wp:attachment":[{"href":"https:\/\/www.dfg-frankfurt.de\/fr\/wp-json\/wp\/v2\/media?parent=3151"}],"curies":[{"name":"wp","href":"https:\/\/api.w.org\/{rel}","templated":true}]}}