{"id":3220,"date":"2017-07-16T20:47:08","date_gmt":"2017-07-16T20:47:08","guid":{"rendered":"http:\/\/neuesdesign.dfg-frankfurt.de\/?page_id=3220\/"},"modified":"2020-02-17T20:58:16","modified_gmt":"2020-02-17T19:58:16","slug":"notre-histoire","status":"publish","type":"page","link":"https:\/\/www.dfg-frankfurt.de\/fr\/la-sfa\/notre-histoire\/","title":{"rendered":"Notre histoire"},"content":{"rendered":"<section class=\"wpb-content-wrapper\">[vc_row][vc_column width=\u00a0\u00bb1\/3&Prime;][vc_custom_heading text=\u00a0\u00bbNotre histoire\u00a0\u00bb font_container=\u00a0\u00bbtag:h3|text_align:left|color:%231facd5&Prime; use_theme_fonts=\u00a0\u00bbyes\u00a0\u00bb][vc_column_text]1959-2018&#8230;! La Soci\u00e9t\u00e9 Franco-Allemande de Francfort a \u00e9t\u00e9 \u00ab\u00a0refond\u00e9e\u00a0\u00bb en 1959. Non pas fond\u00e9e, mais r\u00e9activ\u00e9e.<\/p>\n<p>Car elle connait trois dates de naissance, chacune correspondant \u00e0 l&rsquo;air du temps.<\/p>\n<p>Tout d&rsquo;abord 1928\/1929 en tant que \u00ab\u00a0groupe local\u00a0\u00bb de la Soci\u00e9t\u00e9 Franco-Allemande de Berlin inspir\u00e9e par l&rsquo;esprit du Trait\u00e9 de Locarno et du prix Nobel de la paix attribu\u00e9 conjointement \u00e0 Gustav Stresemann et Aristide Briand (sous la pr\u00e9sidence de Richard Oehlert, recteur de la Ziehenschule).<\/p>\n<p>Puis septembre 1938 : Francfort a su s&rsquo;imposer contre Heildelberg en tant que d\u00e9pendance toujours de la Soci\u00e9t\u00e9 Franco-Allemande de Berlin. Il importait alors que le bureau soit fid\u00e8le au parti national-socialiste. La pr\u00e9sidence devait \u00eatre assum\u00e9e jusqu&rsquo;en 1943 par le directeur g\u00e9n\u00e9ral de l&rsquo;Op\u00e9ra de Francfort, Monsieur Meissner. Pour le bon ordre, l&rsquo;association est pour la premi\u00e8re fois inscrite au registre des associations en 1938. La derni\u00e8re mention dans les archives municipales date de 1943, traitant des \u00ab\u00a0Francais mut\u00e9s en travailleurs civils&#8230;\u00a0\u00bb.<\/p>\n<p>Enfin, la refondation. Werner Bockelmann, maire de Francfort, refonde l&rsquo;Association dans l&rsquo;esprit de Jean Monnet et devient son premier pr\u00e9sident le 30 octobre 1959.[\/vc_column_text][\/vc_column][vc_column width=\u00a0\u00bb1\/3&Prime;][vc_single_image image=\u00a0\u00bb3216&Prime; img_size=\u00a0\u00bb374&#215;270&Prime; add_caption=\u00a0\u00bbyes\u00a0\u00bb alignment=\u00a0\u00bbright\u00a0\u00bb][vc_empty_space height=\u00a0\u00bb22px\u00a0\u00bb][vc_single_image image=\u00a0\u00bb3217&Prime; img_size=\u00a0\u00bb375&#215;340&Prime; add_caption=\u00a0\u00bbyes\u00a0\u00bb alignment=\u00a0\u00bbright\u00a0\u00bb][\/vc_column][vc_column width=\u00a0\u00bb1\/3&Prime;][vc_custom_heading text=\u00a0\u00bbAncien pr\u00e9sident de la DFG depuis 1959&Prime; font_container=\u00a0\u00bbtag:h4|text_align:left|color:%23000000&Prime; use_theme_fonts=\u00a0\u00bbyes\u00a0\u00bb][vc_empty_space height=\u00a0\u00bb12px\u00a0\u00bb][vc_column_text]\n<h3>Werner Bockelmann<\/h3>\n<h6 style=\"margin-top: -20px;\">Maire de Francfort (1959)<\/h6>\n[\/vc_column_text][vc_column_text]\n<h3>Dr. Karl Korn<\/h3>\n<h6 style=\"margin-top: -20px;\">Associ\u00e9 g\u00e9rant de la Frankfurter Allgemeine Zeitung (1960-62)<\/h6>\n[\/vc_column_text][vc_column_text]\n<h3>Dr. Christian Krull<\/h3>\n<h6 style=\"margin-top: -20px;\">Pr\u00e9sident de la Chambre de commerce et d&rsquo;industrie de Francfort (1962-65)<\/h6>\n[\/vc_column_text][vc_column_text]\n<h3>Dr. Otto Pirkham<\/h3>\n<h6 style=\"margin-top: -20px;\">Directeur g\u00e9n\u00e9ral de la Deutsche Bank (1965-71)<\/h6>\n[\/vc_column_text][vc_column_text]\n<h3>Prof. Dr. Arnold M\u00fcnster<\/h3>\n<h6 style=\"margin-top: -20px;\">(1971-78)<\/h6>\n[\/vc_column_text][vc_column_text]\n<h3>Dr. Hans-Hubert Friedl<\/h3>\n<h6 style=\"margin-top: -20px;\">Directeur g\u00e9n\u00e9ral de la Dresdner Bank, puis membre du directoire de la Bayerische Hypotheken- und Wechselbank<br \/>\n(1978-82)<\/h6>\n[\/vc_column_text][vc_column_text]\n<h3>Fritz Zopf<\/h3>\n<h6 style=\"margin-top: -20px;\">Membre du directoire de la Metallgesellschaft (1982-88)<\/h6>\n[\/vc_column_text][vc_column_text]\n<h3>Heiner Hartmann<\/h3>\n<h6 style=\"margin-top: -20px;\">Directeur g\u00e9n\u00e9ral pour l&rsquo;Allemagne de la Soci\u00e9t\u00e9 G\u00e9n\u00e9rale (1988-2004)<\/h6>\n[\/vc_column_text][\/vc_column][\/vc_row]\n<\/section>","protected":false},"excerpt":{"rendered":"<p>[vc_row][vc_column width=\u00a0\u00bb1\/3&Prime;][vc_custom_heading text=\u00a0\u00bbNotre histoire\u00a0\u00bb font_container=\u00a0\u00bbtag:h3|text_align:left|color:%231facd5&Prime; use_theme_fonts=\u00a0\u00bbyes\u00a0\u00bb][vc_column_text]1959-2018&#8230;! La Soci\u00e9t\u00e9 Franco-Allemande de Francfort a \u00e9t\u00e9 \u00ab\u00a0refond\u00e9e\u00a0\u00bb en 1959. Non pas fond\u00e9e, mais r\u00e9activ\u00e9e. Car elle connait trois dates de naissance, chacune correspondant \u00e0 l&rsquo;air du temps. Tout d&rsquo;abord 1928\/1929 en tant que \u00ab\u00a0groupe local\u00a0\u00bb de la Soci\u00e9t\u00e9 Franco-Allemande de Berlin inspir\u00e9e par l&rsquo;esprit du Trait\u00e9 de Locarno [&hellip;]<\/p>\n","protected":false},"author":1,"featured_media":0,"parent":3212,"menu_order":1,"comment_status":"closed","ping_status":"closed","template":"","meta":{"footnotes":""},"_links":{"self":[{"href":"https:\/\/www.dfg-frankfurt.de\/fr\/wp-json\/wp\/v2\/pages\/3220"}],"collection":[{"href":"https:\/\/www.dfg-frankfurt.de\/fr\/wp-json\/wp\/v2\/pages"}],"about":[{"href":"https:\/\/www.dfg-frankfurt.de\/fr\/wp-json\/wp\/v2\/types\/page"}],"author":[{"embeddable":true,"href":"https:\/\/www.dfg-frankfurt.de\/fr\/wp-json\/wp\/v2\/users\/1"}],"replies":[{"embeddable":true,"href":"https:\/\/www.dfg-frankfurt.de\/fr\/wp-json\/wp\/v2\/comments?post=3220"}],"version-history":[{"count":6,"href":"https:\/\/www.dfg-frankfurt.de\/fr\/wp-json\/wp\/v2\/pages\/3220\/revisions"}],"predecessor-version":[{"id":10779,"href":"https:\/\/www.dfg-frankfurt.de\/fr\/wp-json\/wp\/v2\/pages\/3220\/revisions\/10779"}],"up":[{"embeddable":true,"href":"https:\/\/www.dfg-frankfurt.de\/fr\/wp-json\/wp\/v2\/pages\/3212"}],"wp:attachment":[{"href":"https:\/\/www.dfg-frankfurt.de\/fr\/wp-json\/wp\/v2\/media?parent=3220"}],"curies":[{"name":"wp","href":"https:\/\/api.w.org\/{rel}","templated":true}]}}