{"id":8770,"date":"2019-02-12T23:59:17","date_gmt":"2019-02-12T22:59:17","guid":{"rendered":"http:\/\/www.dfg-frankfurt.de\/datenschutzerklaerung\/"},"modified":"2022-04-27T12:58:27","modified_gmt":"2022-04-27T10:58:27","slug":"datenschutzerklaerung","status":"publish","type":"page","link":"https:\/\/www.dfg-frankfurt.de\/fr\/datenschutzerklaerung\/","title":{"rendered":"Datenschutzerkl\u00e4rung"},"content":{"rendered":"<h2>Hinweise zum Datenschutz nach der Datenschutz-Grundverordnung (DSGVO)<\/h2>\n<div class=\"page\" title=\"Page 3\">\n<div class=\"layoutArea\">\n<div class=\"column\">\n<ol>\n<li><u> Webseite<\/u><\/li>\n<\/ol>\n<p>Willkommen auf der Webseite <a href=\"https:\/\/www.dfg-frankfurt.de\/\">www.dfg-frankfurt.de<\/a>\u00a0der Deutsch-Franz\u00f6sischen Gesellschaft Frankfurt e.V. (DFG), der Verantwortliche im Sinne des Datenschutzes ist die Deutsch-Franz\u00f6sische Gesellschaft Frankfurt am Main e.V., zu erreichen \u00fcber die Gesch\u00e4ftsstelle, Adickesallee 13, D-60322 Frankfurt am Main,\u00a0Tel.\u00a0+49 176 422 701 26, E-Mail: info@dfg-frankfurt.de.<\/p>\n<p>Sie k\u00f6nnen sich auf dieser Webseite \u00fcber unsere Gesellschaft informieren und mit uns in Kontakt treten. In diesen Hinweisen wird beschrieben, wie Daten, die Sie betreffen, beim Besuch der Website verarbeitet werden.<\/p>\n<p>F\u00fcr eine Anfrage, die Anmeldung zu einer Veranstaltung (ggf. mit Teilnehmerliste) oder den Bezug unserer Einladungen k\u00f6nnen Sie auf der Webseite der Gesellschaft freiwillig Angaben machen, die wir f\u00fcr diese Zwecke verarbeiten. Wir sammeln \u00fcber diese Webseite keine Daten f\u00fcr Werbezwecke. Rechtsgrundlage f\u00fcr die Verarbeitung der personenbezogenen Daten von Nichtmitgliedern bei allgemeinen Anfragen und Anfragen f\u00fcr den Bezug unserer Einladungen oder Newsletter ist eine Einwilligung nach Art.\u00a06 Abs.\u00a01\u00a0a) DSGVO. Rechtsgrundlage f\u00fcr die Verarbeitung der personenbezogenen Daten von Mitgliedern bei allgemeinen Anfragen und Anfragen f\u00fcr den Bezug unserer Einladungen oder Newsletter ist die Vertragserf\u00fcllung nach Art.\u00a06 Abs.\u00a01\u00a0b) DSGVO.<\/p>\n<p>Empf\u00e4nger der personenbezogenen Daten k\u00f6nnen bei Anfragen Mitarbeiter der DFG-Gesch\u00e4ftsstelle und Mitglieder sein. Empf\u00e4nger der personenbezogenen Daten bei Anmeldungen f\u00fcr Veranstaltungen k\u00f6nnen Mitarbeiter der DFG-Gesch\u00e4ftsstelle, Mitglieder, Teilnehmer, Referenten, ggf. besuchte Institutionen sowie Interessenten sein. Als Speicherdauer f\u00fcr Anfragen und Anmeldungen zu Veranstaltungen gilt mindestens die gesetzliche Aufbewahrungsfrist. Die E-Mail-Adresse von Nichtmitgliedern wird bei Widerspruch in der Versandliste gel\u00f6scht. Der Betroffene hat ein Recht auf Auskunft durch den Verantwortlichen \u00fcber die ihn betreffenden personenbezogenen Daten, sowie auf Berichtigung, L\u00f6schung, Einschr\u00e4nkung der Verarbeitung, Widerruf der Einwilligung f\u00fcr die Zukunft sowie Daten\u00fcbertragbarkeit. Es besteht ein Beschwerderecht bei einer Aufsichtsbeh\u00f6rde.<\/p>\n<p>Auf Veranstaltungen k\u00f6nnen Fotos gemacht werden, von denen eine Auswahl in unserer Webseite und in Publikationen erscheint. Personen haben die M\u00f6glichkeit, gegen Bilder von ihnen Widerspruch einzulegen.<\/p>\n<p>Der Internetdienstleister, auf dessen Servern unsere Website untergebracht ist, speichert automatisch sog. Server-Logfiles, die Ihr Browser \u00fcbermittelt. Dies sind Browsertyp und Brow- serversion, verwendetes Betriebssystem, besuchte Seite, Hostname des zugreifenden Rechners, Datum und Uhrzeit sowie IP-Adresse. Die Rechtsgrundlage ist ein berechtigtes Interesse nach Art. 6 Abs. 1 Buchstabe f DSGVO mit dem Zweck einer Gew\u00e4hrleistung der Funktionst\u00fcchtigkeit der Webseite. Die Daten werden anonym erhoben und k\u00f6nnen technisch nicht bestimmten Personen zugeordnet werden. Eine Zusammenf\u00fchrung dieser Daten mit anderen Datenquellen wird nicht vorgenommen; die Daten werden zudem nach einer statistischen Auswertung gel\u00f6scht und nicht als einzelner Datensatz vorgehalten. Sollten konkrete Anhaltspunkte auf eine rechtswidrige Nutzung hinweisen, k\u00f6nnen Server-Logfiles nachtr\u00e4glich \u00fcberpr\u00fcft und f\u00fcr eine Rechtsverfolgung genutzt werden.<\/p>\n<p>Wir verwenden Cookies, um den Besuch unserer Website attraktiv zu gestalten und die Nutzung bestimmter Funktionen zu erm\u00f6glichen. Hierbei handelt es sich um kleine Textdateien, die auf Ihrem Rechner abgelegt werden. Die meisten der von uns verwendeten Cookies wer- den nach Ende der Browser-Sitzung wieder von Ihrer Festplatte gel\u00f6scht (sog. Session-Cookies). Andere Cookies verbleiben auf Ihrem Rechner und erm\u00f6glichen uns, Ihren Rechner bei Ihrem n\u00e4chsten Besuch wieder zu erkennen (sog. Langzeit-Cookies). Diese Cookies dienen dazu, die vom Besucher getroffenen individuellen Selektionen (wie z.B. die Parameter bei der Durchf\u00fchrung einer Suche) zu speichern, um sie dann bei dem erneuten Aufruf der jeweiligen Websites im hinterlassenen Zustand wiederherzustellen. Die erzeugten Cookies verfallen nach dem Beenden des Browsers bzw. nach dem Schlie\u00dfen des letzten Browserfensters. Au\u00dferdem werden Cookies f\u00fcr eine nicht personalisierte Statistik eingesetzt. Die erzeugten Cookies haben eine Verfallszeit von max. drei Monaten. Die durch Cookies verarbeiteten Daten sind f\u00fcr die genannten Zwecke zur Wahrung unserer berechtigten Interessen sowie der Dritter nach Art. 6 Abs. 1 Satz 1 Buchstabe f DSGVO erforderlich. Sie k\u00f6nnen Ihren Browser so einstellen, dass Sie \u00fcber das Setzen von Cookies informiert werden, von Fall zu Fall \u00fcber die Annahme entscheiden oder die Annahme von Cookies grunds\u00e4tzlich ausschlie\u00dfen. Bei der Nichtannahme von Cookies kann die Funktionalit\u00e4t unserer Website eingeschr\u00e4nkt sein.<\/p>\n<p>Wir verwenden Google reCAPTCHA der Firma Google Inc. (1600 Amphitheatre Parkway, Mountain View, CA 94043, USA), um Spam zu verhindern. Wir nutzen reCAPTCHA zum Schutz bei der Eingabe von Daten in Formularen auf unserer Website. Rechtsgrundlage f\u00fcr die Verwendung ist Artikel 6 (1) f (Rechtm\u00e4\u00dfigkeit der Verarbeitung), denn es besteht ein berechtigtes Interesse, diese Webseite vor Bots und Spam zu sch\u00fctzen. reCAPTCHA ist ein kostenloser Dienst, der Webseiten vor Spam und Missbrauch sch\u00fctzt. Er nutzt fortschrittliche Risikoanalysetechniken zur Erkennung, ob die Dateneingabe durch eine nat\u00fcrliche Person erfolgt oder missbr\u00e4uchlich durch maschinelle und automatisierte Verarbeitung durch Bots. Durch die Nutzung von reCAPTCHA werden Daten an Google \u00fcbertragen, die Google nutzt, um festzustellen, ob der Besucher ein Mensch oder ein (Spam)bot ist. Welche Daten von Google erfasst werden und wof\u00fcr diese Daten verwendet werden, k\u00f6nnen Sie auf\u00a0<a href=\"https:\/\/policies.google.com\/privacy?hl=de-DE\">https:\/\/policies.google.com\/privacy?hl=de-DE<\/a>\u00a0nachlesen. Die Nutzungsbedingungen f\u00fcr Dienste und Produkte von Google k\u00f6nnen Sie unter\u00a0<a href=\"https:\/\/policies.google.com\/terms?hl=de-DE\">https:\/\/policies.google.com\/terms?hl=de-DE<\/a>\u00a0nachlesen.<\/p>\n<p>Wir verwenden innerhalb des Website-Besuchs das verbreitete SSL-Verfahren (Secure Socket Layer) in Verbindung mit der jeweils h\u00f6chsten Verschl\u00fcsselungsstufe, die von Ihrem Browser unterst\u00fctzt wird. In der Regel handelt es sich dabei um eine 256-Bit Verschl\u00fcsselung. Falls Ihr Browser keine 256-Bit Verschl\u00fcsselung unterst\u00fctzt, greifen wir stattdessen auf 128-Bit v3 Technologie zur\u00fcck. Ob eine einzelne Seite unseres Internetauftrittes verschl\u00fcsselt \u00fcbertragen wird, erkennen Sie an der geschlossenen Darstellung des Sch\u00fcssel- beziehungsweise Schloss-Symbols in der unteren Statusleiste Ihres Browsers.<\/p>\n<p>Wir bedienen uns im \u00dcbrigen geeigneter technischer und organisatorischer Sicherheitsma\u00dfnahmen, um Ihre Daten gegen zuf\u00e4llige oder vors\u00e4tzliche Manipulationen, teilweisen oder vollst\u00e4ndigen Verlust, Zerst\u00f6rung oder gegen den unbefugten Zugriff Dritter zu sch\u00fctzen. Unsere Sicherheitsma\u00dfnahmen werden entsprechend der technologischen Entwicklung fortlaufend verbessert.<\/p>\n<ol start=\"2\">\n<li><u> Mitglieder<\/u><\/li>\n<\/ol>\n<p>Verantwortlicher im Sinne des Datenschutzes ist die Deutsch-Franz\u00f6sische Gesellschaft Frankfurt am Main e.V., zu erreichen \u00fcber die Gesch\u00e4ftsstelle, Adickesallee 13, D-60322 Frankfurt am Main;<br \/>\nTel.\u00a0+49 176 422 701 26, E-Mail: info@dfg-frankfurt.de.<\/p>\n<p>Zweck der Verarbeitung der personenbezogenen Daten ist die Vertragserf\u00fcllung der Mitgliedschaft, insbesondere die Zusendung von Einladungen zu Veranstaltungen und Informationenper Post und\/oder per Emailund der Einzug der Beitr\u00e4ge. Die Gesellschaft kann auch ein Mitgliederverzeichnis herausgeben. Rechtsgrundlage ist die Vertragserf\u00fcllung nach Art.\u00a06 Abs.\u00a01\u00a0b) DSGVO und die Einwilligung nach Art.\u00a06\u00a0Abs.\u00a01\u00a0a) DSGVO f\u00fcr das SEPA-Lastschriftmandat.<\/p>\n<p>Empf\u00e4nger der personenbezogenen Daten k\u00f6nnen bei Anfragen Mitarbeiter der DFG-Gesch\u00e4ftsstelle und Mitglieder sein. Empf\u00e4nger der personenbezogenen Daten bei Anmeldungen f\u00fcr Veranstaltungen k\u00f6nnen Mitarbeiter der DFG-Gesch\u00e4ftsstelle, Mitglieder, Teilnehmer, Referenten, ggf. besuchte Institutionen und Interessenten, sowie Bankinstitute bei Bankeinzug der Beitr\u00e4ge sein. Die Mitgliedsdaten werden bis zur Beendigung der Mitgliedschaft gespeichert. Als Speicherdauer f\u00fcr Korrespondenzdaten, Anfragen und Anmeldungen zu Veranstaltungen gilt mindestens die gesetzliche Aufbewahrungsfrist. Der Betroffene hat ein Recht auf Auskunft durch den Verantwortlichen \u00fcber die ihn betreffenden personenbezogenen Daten, sowie auf Berichtigung, L\u00f6schung, Einschr\u00e4nkung der Verarbeitung, Widerruf der Einwilligung f\u00fcr die Zukunft sowie Daten\u00fcbertragbarkeit. Es besteht ein Beschwerderecht bei einer Aufsichtsbeh\u00f6rde.<\/p>\n<p>Auf Veranstaltungen k\u00f6nnen Fotos gemacht werden, von denen eine Auswahl in unserer Webseite und in Publikationen erscheint. Personen haben die M\u00f6glichkeit, gegen Bilder von ihnen Widerspruch einzulegen.<\/p>\n<p>Wir behandeln Ihre Daten vertraulich und sch\u00fctzen sie entsprechend unseren \u00fcblichen Verfahren und gem\u00e4\u00df allen anwendbaren Gesetzen. Wir bedienen uns im \u00dcbrigen geeigneter technischer und organisatorischer Sicherheitsma\u00dfnahmen, um Ihre Daten gegen zuf\u00e4llige oder vors\u00e4tzliche Manipulationen, teilweisen oder vollst\u00e4ndigen Verlust, Zerst\u00f6rung oder gegen den unbefugten Zugriff Dritter zu sch\u00fctzen. Unsere Sicherheitsma\u00dfnahmen werden entsprechend der technologischen Entwicklung fortlaufend verbessert.<\/p>\n<ol start=\"3\">\n<li style=\"text-align: left;\"><u> Veranstaltungen<\/u><\/li>\n<\/ol>\n<p>Verantwortlicher im Sinne des Datenschutzes ist die Deutsch-Franz\u00f6sische Gesellschaft Frankfurt am Main e.V., zu erreichen \u00fcber die Gesch\u00e4ftsstelle, Adickesallee 13, D-60322 Frankfurt am Main;<br \/>\nTel.\u00a0+49 176 422 701 26, E-Mail: info@dfg-frankfurt.de.<\/p>\n<p>Zweck der Verarbeitung ist die Teilnahme an einer Veranstaltung einschlie\u00dflich ggf. Auff\u00fchren in der Teilnehmerliste. Rechtsgrundlage ist die Vertragserf\u00fcllung nach Art.\u00a06 Abs.\u00a01\u00a0b) DSGVO.<\/p>\n<p>Empf\u00e4nger der personenbezogenen Daten bei Anmeldungen f\u00fcr Veranstaltungen k\u00f6nnen Mitarbeiter der DFG-Gesch\u00e4ftsstelle, Mitglieder, Teilnehmer, Referenten, ggf. besuchte Institutionen und Interessenten sein. Als Speicherdauer f\u00fcr Korrespondenzdaten, Anfragen und Anmeldungen zu Veranstaltungen gilt mindestens die gesetzliche Aufbewahrungsfrist. Der Betroffene hat ein Recht auf Auskunft durch den Verantwortlichen \u00fcber die ihn betreffenden personenbezogenen Daten, sowie auf Berichtigung, L\u00f6schung, Einschr\u00e4nkung der Verarbeitung, Widerruf der Einwilligung f\u00fcr die Zukunft sowie Daten\u00fcbertragbarkeit. Es besteht ein Beschwerderecht bei einer Aufsichtsbeh\u00f6rde.<\/p>\n<p>Auf Veranstaltungen k\u00f6nnen Fotos gemacht werden, von denen eine Auswahl in unserer Webseite und in Publikationen erscheint. Personen haben die M\u00f6glichkeit, gegen Bilder von ihnen Widerspruch einzulegen.<\/p>\n<p>Wir bedienen uns im \u00dcbrigen geeigneter technischer und organisatorischer Sicherheitsma\u00dfnahmen, um Ihre Daten gegen zuf\u00e4llige oder vors\u00e4tzliche Manipulationen, teilweisen oder vollst\u00e4ndigen Verlust, Zerst\u00f6rung oder gegen den unbefugten Zugriff Dritter zu sch\u00fctzen. Unsere Sicherheitsma\u00dfnahmen werden entsprechend der technologischen Entwicklung fortlaufend verbessert.<\/p>\n<\/div>\n<\/div>\n<\/div>\n","protected":false},"excerpt":{"rendered":"<p>Hinweise zum Datenschutz nach der Datenschutz-Grundverordnung (DSGVO) Webseite Willkommen auf der Webseite www.dfg-frankfurt.de\u00a0der Deutsch-Franz\u00f6sischen Gesellschaft Frankfurt e.V. (DFG), der Verantwortliche im Sinne des Datenschutzes ist die Deutsch-Franz\u00f6sische Gesellschaft Frankfurt am Main e.V., zu erreichen \u00fcber die Gesch\u00e4ftsstelle, Adickesallee 13, D-60322 Frankfurt am Main,\u00a0Tel.\u00a0+49 176 422 701 26, E-Mail: info@dfg-frankfurt.de. Sie k\u00f6nnen sich auf dieser Webseite [&hellip;]<\/p>\n","protected":false},"author":1,"featured_media":0,"parent":0,"menu_order":0,"comment_status":"closed","ping_status":"closed","template":"","meta":{"footnotes":""},"_links":{"self":[{"href":"https:\/\/www.dfg-frankfurt.de\/fr\/wp-json\/wp\/v2\/pages\/8770"}],"collection":[{"href":"https:\/\/www.dfg-frankfurt.de\/fr\/wp-json\/wp\/v2\/pages"}],"about":[{"href":"https:\/\/www.dfg-frankfurt.de\/fr\/wp-json\/wp\/v2\/types\/page"}],"author":[{"embeddable":true,"href":"https:\/\/www.dfg-frankfurt.de\/fr\/wp-json\/wp\/v2\/users\/1"}],"replies":[{"embeddable":true,"href":"https:\/\/www.dfg-frankfurt.de\/fr\/wp-json\/wp\/v2\/comments?post=8770"}],"version-history":[{"count":15,"href":"https:\/\/www.dfg-frankfurt.de\/fr\/wp-json\/wp\/v2\/pages\/8770\/revisions"}],"predecessor-version":[{"id":15895,"href":"https:\/\/www.dfg-frankfurt.de\/fr\/wp-json\/wp\/v2\/pages\/8770\/revisions\/15895"}],"wp:attachment":[{"href":"https:\/\/www.dfg-frankfurt.de\/fr\/wp-json\/wp\/v2\/media?parent=8770"}],"curies":[{"name":"wp","href":"https:\/\/api.w.org\/{rel}","templated":true}]}}